{"id":1305,"date":"2026-03-23T11:38:14","date_gmt":"2026-03-23T11:38:14","guid":{"rendered":"https:\/\/uroloogiakeskus.ee\/tervisepaketid\/meeste-tervisepakett-16-35-a\/"},"modified":"2026-04-27T06:11:00","modified_gmt":"2026-04-27T06:11:00","slug":"meeste-tervisepakett-16-35-a","status":"publish","type":"page","link":"https:\/\/uroloogiakeskus.ee\/ru\/tervisepaketid\/meeste-tervisepakett-16-35-a\/","title":{"rendered":"\u041f\u0430\u043a\u0435\u0442 \u043c\u0443\u0436\u0441\u043a\u043e\u0433\u043e \u0437\u0434\u043e\u0440\u043e\u0432\u044c\u044f (16\u201335 \u043b\u0435\u0442)"},"content":{"rendered":"<div class=\"ama-block block-txtmedia\"><div class=\"block__body\"><div class=\"body__content\">\n\n<h5 class=\"wp-block-heading wp-el\">\u041f\u043e\u0434\u0445\u043e\u0434\u0438\u0442 \u0434\u043b\u044f \u043c\u043e\u043b\u043e\u0434\u043e\u0433\u043e \u043c\u0443\u0436\u0447\u0438\u043d\u044b \u0434\u043b\u044f \u043e\u0446\u0435\u043d\u043a\u0438 \u043e\u0431\u0449\u0435\u0433\u043e \u0441\u043e\u0441\u0442\u043e\u044f\u043d\u0438\u044f \u0437\u0434\u043e\u0440\u043e\u0432\u044c\u044f \u0438 \u0432\u044b\u044f\u0432\u043b\u0435\u043d\u0438\u044f \u0440\u0430\u043d\u043d\u0438\u0445 \u0440\u0438\u0441\u043a\u043e\u0432.<\/h5>\n\n\n\n<p class=\"wp-el\"><strong>\u0421\u043e\u0434\u0435\u0440\u0436\u0438\u0442:<\/strong><\/p>\n\n\n\n<ul class=\"wp-block-list is-style-ticks-yes wp-el\">\n<li>\u041f\u0440\u0438\u0451\u043c \u043c\u0435\u0434\u0441\u0435\u0441\u0442\u0440\u044b (\u0438\u0437\u043c\u0435\u0440\u0435\u043d\u0438\u0435 \u0441\u043e\u0441\u0442\u0430\u0432\u0430 \u0442\u0435\u043b\u0430 \u0438 \u043f\u043e\u043a\u0430\u0437\u0430\u0442\u0435\u043b\u0435\u0439 \u2014 \u0440\u043e\u0441\u0442, \u0432\u0435\u0441, \u043e\u043a\u0440\u0443\u0436\u043d\u043e\u0441\u0442\u044c \u0442\u0430\u043b\u0438\u0438, KMI, \u043f\u0440\u043e\u0446\u0435\u043d\u0442 \u0436\u0438\u0440\u0430, \u0430\u0440\u0442\u0435\u0440\u0438\u0430\u043b\u044c\u043d\u043e\u0435 \u0434\u0430\u0432\u043b\u0435\u043d\u0438\u0435, \u0441\u0438\u043b\u0430 \u0445\u0432\u0430\u0442\u0430, \u0441\u0430\u0442\u0443\u0440\u0430\u0446\u0438\u044f).<\/li>\n\n\n\n<li>\u0423\u0417\u0418 \u2014 \u043c\u043e\u0447\u0435\u0432\u043e\u0439 \u043f\u0443\u0437\u044b\u0440\u044c \u0438 \u043f\u0440\u0435\u0434\u0441\u0442\u0430\u0442\u0435\u043b\u044c\u043d\u0430\u044f \u0436\u0435\u043b\u0435\u0437\u0430.<\/li>\n\n\n\n<li>\u041f\u0440\u0438\u0451\u043c \u0443\u0440\u043e\u043b\u043e\u0433\u0430<\/li>\n\n\n\n<li>\u041b\u0430\u0431\u043e\u0440\u0430\u0442\u043e\u0440\u043d\u044b\u0435 \u0438\u0441\u0441\u043b\u0435\u0434\u043e\u0432\u0430\u043d\u0438\u044f: \u0433\u0435\u043c\u043e\u0433\u0440\u0430\u043c\u043c\u0430, \u0445\u043e\u043b\u0435\u0441\u0442\u0435\u0440\u0438\u043d (Kol, LDL, HDL, trigl\u00fctseriidid), HbA1c, gl\u00fckoos, uriini sademe mikroskoopia, testosteroon (vaba, \u00fcld, SHBG), CRP (\u043f\u043e\u043a\u0430\u0437\u0430\u0442\u0435\u043b\u044c \u0432\u043e\u0441\u043f\u0430\u043b\u0435\u043d\u0438\u044f).<\/li>\n<\/ul>\n\n\n\n<p class=\"wp-el\">\u0414\u043e\u043f\u043e\u043b\u043d\u0438\u0442\u0435\u043b\u044c\u043d\u0430\u044f \u0440\u0435\u043a\u043e\u043c\u0435\u043d\u0434\u0430\u0446\u0438\u044f:<br>\u0421\u043f\u0435\u0440\u043c\u043e\u0433\u0440\u0430\u043c\u043c\u0430 (\u0435\u0441\u043b\u0438 \u043d\u0435\u0442 \u0434\u0435\u0442\u0435\u0439 \u0438\u043b\u0438 \u043f\u0440\u0438 \u043f\u043b\u0430\u043d\u0438\u0440\u043e\u0432\u0430\u043d\u0438\u0438 \u0441\u0435\u043c\u044c\u0438).<\/p>\n\n\n\n<p class=\"wp-el\">\u041f\u0440\u0438 \u043d\u0435\u043e\u0431\u0445\u043e\u0434\u0438\u043c\u043e\u0441\u0442\u0438 \u0438\u043b\u0438 \u043f\u043e \u0436\u0435\u043b\u0430\u043d\u0438\u044e \u043f\u0430\u0446\u0438\u0435\u043d\u0442\u0430 \u043c\u043e\u0436\u043d\u043e \u0434\u043e\u0431\u0430\u0432\u0438\u0442\u044c \u0434\u043e\u043f\u043e\u043b\u043d\u0438\u0442\u0435\u043b\u044c\u043d\u044b\u0435 \u0430\u043d\u0430\u043b\u0438\u0437\u044b.<\/p>\n\n\n\n<h3 class=\"wp-block-heading wp-el\">\u0426\u0435\u043d\u0430: 300 \u20ac<\/h3>\n\n\n\n<p class=\"wp-el\">40 \u043c\u0438\u043d \u043f\u0440\u0438\u0451\u043c \u043c\u0435\u0434\u0441\u0435\u0441\u0442\u0440\u044b, 20 \u043c\u0438\u043d \u043f\u0440\u0438\u0451\u043c \u0432\u0440\u0430\u0447\u0430. \u041f\u0440\u043e\u0441\u0438\u043c \u043f\u0440\u0438\u0439\u0442\u0438 \u043d\u0430\u0442\u043e\u0449\u0430\u043a \u0438 \u0441 \u043d\u0430\u043f\u043e\u043b\u043d\u0435\u043d\u043d\u044b\u043c \u043c\u043e\u0447\u0435\u0432\u044b\u043c \u043f\u0443\u0437\u044b\u0440\u0451\u043c.<\/p>\n\n\n\n<div class=\"wp-block-buttons is-layout-flex wp-block-buttons-is-layout-flex\">\n<div class=\"wp-block-button\"><a class=\"wp-block-button__link wp-element-button\" href=\"https:\/\/uroloogiakeskus.ee\/ru\/zapisatsya\/\">\u0417\u0430\u0431\u0440\u043e\u043d\u0438\u0440\u043e\u0432\u0430\u0442\u044c \u0432\u0440\u0435\u043c\u044f<\/a><\/div>\n<\/div>\n\n<\/div><div class=\"body__media\"><div class=\"splide ama_light_gallery_block\" data-splide={\"type\":\"fade\",\"pagination\":false}><div class=\"splide__track\"><ul class=\"splide__list\"><li class=\"splide__slide\"><a href=\"https:\/\/uroloogiakeskus.ee\/wp-content\/uploads\/2026\/03\/DSC02964-1216x811.jpg\"><img loading=\"lazy\" decoding=\"async\" width=\"608\" height=\"900\" src=\"https:\/\/uroloogiakeskus.ee\/wp-content\/uploads\/2026\/03\/DSC02964-608x900.jpg\" class=\"attachment-txtmedia size-txtmedia\" alt=\"\" \/><\/a><\/li><li class=\"splide__slide\"><a href=\"https:\/\/uroloogiakeskus.ee\/wp-content\/uploads\/2026\/03\/DSC03531-811x1216.jpg\"><img loading=\"lazy\" decoding=\"async\" width=\"608\" height=\"900\" src=\"https:\/\/uroloogiakeskus.ee\/wp-content\/uploads\/2026\/03\/DSC03531-608x900.jpg\" class=\"attachment-txtmedia size-txtmedia\" alt=\"\" \/><\/a><\/li><\/ul><\/div><div class=\"splide__arrows\"><button class=\"splide__arrow splide__arrow--prev\"><svg width=\"20\" height=\"16\" viewBox=\"0 0 20 16\" fill=\"none\" transform=\"scale(-1, 1)\"><path d=\"M11.4804 0.440262C11.4956 0.425381 11.9597 0.311591 12.5117 0.187488C13.0639 0.0633851 13.5216 -0.0191888 13.5289 0.00385991C13.5362 0.0269778 13.5933 0.401779 13.6558 0.836797C13.7813 1.71036 14.0851 2.73032 14.4097 3.36821C15.4217 5.35621 17.2372 6.67255 19.4393 7.01468L20 7.10182V7.98002V8.8583L19.4918 8.9417C16.162 9.48809 13.9912 11.9232 13.5851 15.5674C13.5586 15.8054 13.5269 16 13.5147 16C13.4024 16 11.5416 15.5614 11.5064 15.5266C11.481 15.5015 11.4999 15.2784 11.5486 15.031C12.087 12.291 13.6287 10.0613 15.6294 9.12907L16.1094 8.90543L6.24046 8.88792L0 8.8768V7.09945L6.25652 7.08832L16.1021 7.07074L15.4963 6.77049C13.9244 5.99161 12.68 4.46375 11.9472 2.41297C11.7383 1.82872 11.4232 0.496742 11.4804 0.440262Z\" fill=\"#A67C52\"><\/path><\/svg><\/button><button class=\"splide__arrow splide__arrow--next\"><svg width=\"20\" height=\"16\" viewBox=\"0 0 20 16\" fill=\"none\"><path d=\"M11.4804 0.440262C11.4956 0.425381 11.9597 0.311591 12.5117 0.187488C13.0639 0.0633851 13.5216 -0.0191888 13.5289 0.00385991C13.5362 0.0269778 13.5933 0.401779 13.6558 0.836797C13.7813 1.71036 14.0851 2.73032 14.4097 3.36821C15.4217 5.35621 17.2372 6.67255 19.4393 7.01468L20 7.10182V7.98002V8.8583L19.4918 8.9417C16.162 9.48809 13.9912 11.9232 13.5851 15.5674C13.5586 15.8054 13.5269 16 13.5147 16C13.4024 16 11.5416 15.5614 11.5064 15.5266C11.481 15.5015 11.4999 15.2784 11.5486 15.031C12.087 12.291 13.6287 10.0613 15.6294 9.12907L16.1094 8.90543L6.24046 8.88792L0 8.8768V7.09945L6.25652 7.08832L16.1021 7.07074L15.4963 6.77049C13.9244 5.99161 12.68 4.46375 11.9472 2.41297C11.7383 1.82872 11.4232 0.496742 11.4804 0.440262Z\" fill=\"#A67C52\"><\/path><\/svg><\/button><\/div><\/div><\/div><\/div><\/div>","protected":false},"excerpt":{"rendered":"","protected":false},"author":1,"featured_media":0,"parent":1120,"menu_order":10,"comment_status":"closed","ping_status":"closed","template":"","meta":{"_acf_changed":false,"footnotes":""},"class_list":["post-1305","page","type-page","status-publish","hentry"],"acf":[],"_links":{"self":[{"href":"https:\/\/uroloogiakeskus.ee\/ru\/wp-json\/wp\/v2\/pages\/1305","targetHints":{"allow":["GET"]}}],"collection":[{"href":"https:\/\/uroloogiakeskus.ee\/ru\/wp-json\/wp\/v2\/pages"}],"about":[{"href":"https:\/\/uroloogiakeskus.ee\/ru\/wp-json\/wp\/v2\/types\/page"}],"author":[{"embeddable":true,"href":"https:\/\/uroloogiakeskus.ee\/ru\/wp-json\/wp\/v2\/users\/1"}],"replies":[{"embeddable":true,"href":"https:\/\/uroloogiakeskus.ee\/ru\/wp-json\/wp\/v2\/comments?post=1305"}],"version-history":[{"count":3,"href":"https:\/\/uroloogiakeskus.ee\/ru\/wp-json\/wp\/v2\/pages\/1305\/revisions"}],"predecessor-version":[{"id":1324,"href":"https:\/\/uroloogiakeskus.ee\/ru\/wp-json\/wp\/v2\/pages\/1305\/revisions\/1324"}],"up":[{"embeddable":true,"href":"https:\/\/uroloogiakeskus.ee\/ru\/wp-json\/wp\/v2\/pages\/1120"}],"wp:attachment":[{"href":"https:\/\/uroloogiakeskus.ee\/ru\/wp-json\/wp\/v2\/media?parent=1305"}],"curies":[{"name":"wp","href":"https:\/\/api.w.org\/{rel}","templated":true}]}}