{"id":1198,"date":"2026-03-02T09:10:06","date_gmt":"2026-03-02T09:10:06","guid":{"rendered":"https:\/\/uroloogiakeskus.ee\/teenused\/"},"modified":"2026-04-19T16:33:13","modified_gmt":"2026-04-19T16:33:13","slug":"teenused","status":"publish","type":"page","link":"https:\/\/uroloogiakeskus.ee\/ru\/teenused\/","title":{"rendered":"\u0443\u0441\u043b\u0443\u0433\u0438"},"content":{"rendered":"<div id=\"rektaalne-eesnaarme-ultraheliuuring-trus\" class=\"ama-block block-cards\"><div class=\"block__body\" data-cols=\"3\"><a href=\"https:\/\/uroloogiakeskus.ee\/ru\/teenused\/eesnaarme-biopsia\/\" class=\"card-item\"><div class=\"inner\"><div class=\"icon__content\"><p class=\"is-title has-medium-font-size\">\u0431\u0438\u043e\u043f\u0441\u0438\u044f \u043f\u0440\u0435\u0434\u0441\u0442\u0430\u0442\u0435\u043b\u044c\u043d\u043e\u0439 \u0436\u0435\u043b\u0435\u0437\u044b<\/p><p>\u0411\u0438\u043e\u043f\u0441\u0438\u044f \u043f\u0440\u0435\u0434\u0441\u0442\u0430\u0442\u0435\u043b\u044c\u043d\u043e\u0439 \u0436\u0435\u043b\u0435\u0437\u044b \u2014 \u044d\u0442\u043e \u0438\u0441\u0441\u043b\u0435\u0434\u043e\u0432\u0430\u043d\u0438\u0435, \u043f\u0440\u0438 \u043a\u043e\u0442\u043e\u0440\u043e\u043c \u0438\u0437 \u043f\u0440\u043e\u0441\u0442\u0430\u0442\u044b \u0431\u0435\u0440\u0443\u0442 \u043d\u0435\u0431\u043e\u043b\u044c\u0448\u0438\u0435 \u043e\u0431\u0440\u0430\u0437\u0446\u044b \u0442\u043a\u0430\u043d\u0438 \u0434\u043b\u044f \u0434\u0430\u043b\u044c\u043d\u0435\u0439\u0448\u0435\u0433\u043e \u043b\u0430\u0431\u043e\u0440\u0430\u0442\u043e\u0440\u043d\u043e\u0433\u043e \u0430\u043d\u0430\u043b\u0438\u0437\u0430.<\/p>\n<div class=\"wp-block-button is-style-outline is-style-outline--1\"><span class=\"wp-block-button__link wp-element-button\">Tutvu teenusega<\/span><\/div><\/div><\/div><\/a><a href=\"https:\/\/uroloogiakeskus.ee\/ru\/teenused\/frenuloplastika\/\" class=\"card-item\"><div class=\"inner\"><div class=\"icon__content\"><p class=\"is-title has-medium-font-size\">\u0444\u0440\u0435\u043d\u0443\u043b\u043e\u043f\u043b\u0430\u0441\u0442\u0438\u043a\u0430<\/p><p>\u0424\u0440\u0435\u043d\u0443\u043b\u043e\u043f\u043b\u0430\u0441\u0442\u0438\u043a\u0430 \u2014 \u044d\u0442\u043e \u043d\u0435\u0431\u043e\u043b\u044c\u0448\u0430\u044f \u0445\u0438\u0440\u0443\u0440\u0433\u0438\u0447\u0435\u0441\u043a\u0430\u044f \u043f\u0440\u043e\u0446\u0435\u0434\u0443\u0440\u0430, \u0446\u0435\u043b\u044c \u043a\u043e\u0442\u043e\u0440\u043e\u0439 \u0437\u0430\u043a\u043b\u044e\u0447\u0430\u0435\u0442\u0441\u044f \u0432 \u043a\u043e\u0440\u0440\u0435\u043a\u0446\u0438\u0438 \u0441\u043b\u0438\u0448\u043a\u043e\u043c \u043a\u043e\u0440\u043e\u0442\u043a\u043e\u0439 \u0438\u043b\u0438 \u043d\u0430\u0442\u044f\u043d\u0443\u0442\u043e\u0439 \u0443\u0437\u0434\u0435\u0447\u043a\u0438 \u043f\u043e\u043b\u043e\u0432\u043e\u0433\u043e \u0447\u043b\u0435\u043d\u0430 (frenulum).<\/p>\n<div class=\"wp-block-button is-style-outline is-style-outline--1\"><span class=\"wp-block-button__link wp-element-button\">Tutvu teenusega<\/span><\/div><\/div><\/div><\/a><a href=\"https:\/\/uroloogiakeskus.ee\/teenused\/munakoti-nahamuutuse-eemaldamine\/\" class=\"card-item\"><div class=\"inner\"><div class=\"icon__content\"><p class=\"is-title has-medium-font-size\">\u0443\u0434\u0430\u043b\u0435\u043d\u0438\u0435 \u043a\u043e\u0436\u043d\u043e\u0433\u043e \u043e\u0431\u0440\u0430\u0437\u043e\u0432\u0430\u043d\u0438\u044f \u043d\u0430 \u043c\u043e\u0448\u043e\u043d\u043a\u0435<\/p><p>\u0423\u0434\u0430\u043b\u0435\u043d\u0438\u0435 \u043a\u043e\u0436\u043d\u043e\u0433\u043e \u043e\u0431\u0440\u0430\u0437\u043e\u0432\u0430\u043d\u0438\u044f \u043c\u043e\u0448\u043e\u043d\u043a\u0438 \u2014 \u044d\u0442\u043e \u043d\u0435\u0431\u043e\u043b\u044c\u0448\u0430\u044f \u0445\u0438\u0440\u0443\u0440\u0433\u0438\u0447\u0435\u0441\u043a\u0430\u044f \u043f\u0440\u043e\u0446\u0435\u0434\u0443\u0440\u0430, \u0432 \u0445\u043e\u0434\u0435 \u043a\u043e\u0442\u043e\u0440\u043e\u0439 \u0443\u0434\u0430\u043b\u044f\u0435\u0442\u0441\u044f \u043a\u043e\u0436\u043d\u043e\u0435 \u043e\u0431\u0440\u0430\u0437\u043e\u0432\u0430\u043d\u0438\u0435 (\u043d\u0430\u043f\u0440\u0438\u043c\u0435\u0440, \u043a\u0438\u0441\u0442\u0430, \u0430\u0442\u0435\u0440\u043e\u043c\u0430, \u043f\u0430\u043f\u0438\u043b\u043b\u043e\u043c\u0430, \u0444\u0438\u0431\u0440\u043e\u043c\u0430 \u0438\u043b\u0438 \u0434\u0440\u0443\u0433\u043e\u0435 \u0434\u043e\u0431\u0440\u043e\u043a\u0430\u0447\u0435\u0441\u0442\u0432\u0435\u043d\u043d\u043e\u0435 \u0438\u0437\u043c\u0435\u043d\u0435\u043d\u0438\u0435 \u043a\u043e\u0436\u0438).<\/p>\n<div class=\"wp-block-button is-style-outline is-style-outline--1\"><span class=\"wp-block-button__link wp-element-button\">Tutvu teenusega<\/span><\/div><\/div><\/div><\/a><a href=\"https:\/\/uroloogiakeskus.ee\/teenused\/rektaalne-eesnaarme-ultraheliuuring-trus\/\" class=\"card-item\"><div class=\"inner\"><div class=\"icon__content\"><p class=\"is-title has-medium-font-size\">\u0442\u0440\u0430\u043d\u0441\u0440\u0435\u043a\u0442\u0430\u043b\u044c\u043d\u043e\u0435 \u0443\u043b\u044c\u0442\u0440\u0430\u0437\u0432\u0443\u043a\u043e\u0432\u043e\u0435 \u0438\u0441\u0441\u043b\u0435\u0434\u043e\u0432\u0430\u043d\u0438\u0435 \u043f\u0440\u0435\u0434\u0441\u0442\u0430\u0442\u0435\u043b\u044c\u043d\u043e\u0439 \u0436\u0435\u043b\u0435\u0437\u044b<\/p><p>\u0422\u0440\u0430\u043d\u0441\u0440\u0435\u043a\u0442\u0430\u043b\u044c\u043d\u043e\u0435 \u0443\u043b\u044c\u0442\u0440\u0430\u0437\u0432\u0443\u043a\u043e\u0432\u043e\u0435 \u0438\u0441\u0441\u043b\u0435\u0434\u043e\u0432\u0430\u043d\u0438\u0435 \u043f\u0440\u0435\u0434\u0441\u0442\u0430\u0442\u0435\u043b\u044c\u043d\u043e\u0439 \u0436\u0435\u043b\u0435\u0437\u044b \u2014 \u044d\u0442\u043e \u0442\u043e\u0447\u043d\u043e\u0435 \u0438 \u0431\u0435\u0437\u043e\u043f\u0430\u0441\u043d\u043e\u0435 \u0438\u0441\u0441\u043b\u0435\u0434\u043e\u0432\u0430\u043d\u0438\u0435, \u0441 \u043f\u043e\u043c\u043e\u0449\u044c\u044e \u043a\u043e\u0442\u043e\u0440\u043e\u0433\u043e \u043e\u0446\u0435\u043d\u0438\u0432\u0430\u044e\u0442 \u0440\u0430\u0437\u043c\u0435\u0440, \u0441\u0442\u0440\u0443\u043a\u0442\u0443\u0440\u0443 \u043f\u0440\u0435\u0434\u0441\u0442\u0430\u0442\u0435\u043b\u044c\u043d\u043e\u0439 \u0436\u0435\u043b\u0435\u0437\u044b \u0438 \u0432\u043e\u0437\u043c\u043e\u0436\u043d\u044b\u0435 \u0438\u0437\u043c\u0435\u043d\u0435\u043d\u0438\u044f.<\/p>\n<div class=\"wp-block-button is-style-outline is-style-outline--1\"><span class=\"wp-block-button__link wp-element-button\">Tutvu teenusega<\/span><\/div><\/div><\/div><\/a><a href=\"https:\/\/uroloogiakeskus.ee\/teenused\/tsustoskoopia\/\" class=\"card-item\"><div class=\"inner\"><div class=\"icon__content\"><p class=\"is-title has-medium-font-size\">\u0446\u0438\u0441\u0442\u043e\u0441\u043a\u043e\u043f\u0438\u044f<\/p><p>\u0426\u0438\u0441\u0442\u043e\u0441\u043a\u043e\u043f\u0438\u044f \u2014 \u044d\u0442\u043e \u0431\u0435\u0437\u043e\u043f\u0430\u0441\u043d\u0430\u044f \u0438 \u0441\u043e\u0432\u0440\u0435\u043c\u0435\u043d\u043d\u0430\u044f \u043f\u0440\u043e\u0446\u0435\u0434\u0443\u0440\u0430, \u043f\u0440\u0438 \u043a\u043e\u0442\u043e\u0440\u043e\u0439 \u0432\u0440\u0430\u0447 \u043e\u0441\u043c\u0430\u0442\u0440\u0438\u0432\u0430\u0435\u0442 \u043c\u043e\u0447\u0435\u0432\u043e\u0439 \u043f\u0443\u0437\u044b\u0440\u044c \u0438\u0437\u043d\u0443\u0442\u0440\u0438 \u0441 \u043f\u043e\u043c\u043e\u0449\u044c\u044e \u0442\u043e\u043d\u043a\u043e\u0439 \u0433\u0438\u0431\u043a\u043e\u0439 \u0444\u0438\u0431\u0440\u043e\u043e\u043f\u0442\u0438\u0447\u0435\u0441\u043a\u043e\u0439 \u043a\u0430\u043c\u0435\u0440\u044b.<\/p>\n<div class=\"wp-block-button is-style-outline is-style-outline--1\"><span class=\"wp-block-button__link wp-element-button\">Tutvu teenusega<\/span><\/div><\/div><\/div><\/a><a href=\"https:\/\/uroloogiakeskus.ee\/teenused\/uroflow-uuring\/\" class=\"card-item\"><div class=\"inner\"><div class=\"icon__content\"><p class=\"is-title has-medium-font-size\">\u0443\u0440\u043e\u0444\u043b\u043e\u0443\u043c\u0435\u0442\u0440\u0438\u044f<\/p><p>\u0423\u0440\u043e\u0444\u043b\u043e\u0443\u043c\u0435\u0442\u0440\u0438\u044f \u2014 \u044d\u0442\u043e \u043f\u0440\u043e\u0441\u0442\u043e\u0435 \u0438 \u0431\u0435\u0437\u0431\u043e\u043b\u0435\u0437\u043d\u0435\u043d\u043d\u043e\u0435 \u0438\u0441\u0441\u043b\u0435\u0434\u043e\u0432\u0430\u043d\u0438\u0435, \u0441 \u043f\u043e\u043c\u043e\u0449\u044c\u044e \u043a\u043e\u0442\u043e\u0440\u043e\u0433\u043e \u043e\u0446\u0435\u043d\u0438\u0432\u0430\u044e\u0442 \u0441\u0438\u043b\u0443 \u0438 \u0441\u043a\u043e\u0440\u043e\u0441\u0442\u044c \u043f\u043e\u0442\u043e\u043a\u0430 \u043c\u043e\u0447\u0438 \u0432\u043e \u0432\u0440\u0435\u043c\u044f \u043c\u043e\u0447\u0435\u0438\u0441\u043f\u0443\u0441\u043a\u0430\u043d\u0438\u044f.<\/p>\n<div class=\"wp-block-button is-style-outline is-style-outline--1\"><span class=\"wp-block-button__link wp-element-button\">Tutvu teenusega<\/span><\/div><\/div><\/div><\/a><a href=\"https:\/\/uroloogiakeskus.ee\/teenused\/vasektoomia\/\" class=\"card-item\"><div class=\"inner\"><div class=\"icon__content\"><p class=\"is-title has-medium-font-size\">\u0432\u0430\u0437\u044d\u043a\u0442\u043e\u043c\u0438\u044f<\/p><p>\u0412\u0430\u0437\u044d\u043a\u0442\u043e\u043c\u0438\u044f \u2014 \u044d\u0442\u043e \u0431\u0435\u0437\u043e\u043f\u0430\u0441\u043d\u044b\u0439 \u0438 \u044d\u0444\u0444\u0435\u043a\u0442\u0438\u0432\u043d\u044b\u0439 \u043f\u043e\u0441\u0442\u043e\u044f\u043d\u043d\u044b\u0439 \u043c\u0435\u0442\u043e\u0434 \u043a\u043e\u043d\u0442\u0440\u0430\u0446\u0435\u043f\u0446\u0438\u0438 \u0434\u043b\u044f \u043c\u0443\u0436\u0447\u0438\u043d.<\/p>\n<div class=\"wp-block-button is-style-outline is-style-outline--1\"><span class=\"wp-block-button__link wp-element-button\">Tutvu teenusega<\/span><\/div><\/div><\/div><\/a><a href=\"https:\/\/uroloogiakeskus.ee\/teenused\/umberloikamine\/\" class=\"card-item\"><div class=\"inner\"><div class=\"icon__content\"><p class=\"is-title has-medium-font-size\">\u00dcmberl\u00f5ikamine<\/p><p>\u00dcmberl\u00f5ikamine on v\u00e4ike kirurgiline protseduur, mille k\u00e4igus eemaldatakse peenise eesnahk.<\/p>\n<div class=\"wp-block-button is-style-outline is-style-outline--1\"><span class=\"wp-block-button__link wp-element-button\">Tutvu teenusega<\/span><\/div><\/div><\/div><\/a><a href=\"https:\/\/uroloogiakeskus.ee\/teenused\/testosteroonasendusravi-teaduspohise-lahenemisega-eestis\/\" class=\"card-item\"><div class=\"inner\"><div class=\"icon__content\"><p class=\"is-title has-medium-font-size\">Testosteroonasendusravi teadusp\u00f5hise l\u00e4henemisega Eestis<\/p><p>Pakume Tallinnas kaasaegset ja arstliku j\u00e4relevalve all toimuvat testosteroonasendusravi (TRT) ja hormoonasendusravi meestele.<\/p>\n<div class=\"wp-block-button is-style-outline is-style-outline--1\"><span class=\"wp-block-button__link wp-element-button\">Tutvu teenusega<\/span><\/div><\/div><\/div><\/a><div class=\"card-item\"><div class=\"inner\"><div class=\"icon__content\"><p class=\"is-title has-medium-font-size\">Meestearsti vastuv\u00f5tt<\/p><p>Meestearst tegeleb meeste \u00fcldise tervise, hormonaalse tasakaalu ja testosteroonipuuduse hindamisega. Vastuv\u00f5tul k\u00e4sitletakse ka v\u00e4simust, libiido langust ja muid hormonaalseid muutusi.<\/p>\n<\/div><\/div><\/div><div class=\"card-item\"><div class=\"inner\"><div class=\"icon__content\"><p class=\"is-title has-medium-font-size\">Uroloogi vastuv\u00f5tt<\/p><p>Uroloog tegeleb kuseteede ja eesn\u00e4\u00e4rme haigustega. P\u00f6\u00f6rduda tasub n\u00e4iteks urineerimish\u00e4irete, eesn\u00e4\u00e4rmeprobleemide, valu v\u00f5i ebamugavustunde korral.<\/p>\n<\/div><\/div><\/div><div class=\"card-item\"><div class=\"inner\"><div class=\"icon__content\"><p class=\"is-title has-medium-font-size\">Seksuoloogi vastuv\u00f5tt<\/p><p>Seksuoloog aitab seksuaaltervise ja intiimsuhetega seotud murede korral. Vastuv\u00f5tule v\u00f5ib p\u00f6\u00f6rduda erektsioonih\u00e4ire, libiido languse v\u00f5i muude seksuaalprobleemide puhul.<\/p>\n<\/div><\/div><\/div><div class=\"card-item\"><div class=\"inner\"><div class=\"icon__content\"><p class=\"is-title has-medium-font-size\">Uroloogia\u00f5e vastuv\u00f5tt<\/p><p>Uroloogia\u00f5de n\u00f5ustab ja aitab leida sobiva lahenduse kergemate murede korral. Tema juurde on soovitatav p\u00f6\u00f6rduda esmaseks konsultatsiooniks, kui ei ole kindel, millise spetsialisti vastuv\u00f5tt oleks k\u00f5ige sobivam \u2013 see aitab s\u00e4\u00e4sta nii aega kui ka raha.<\/p>\n<\/div><\/div><\/div><div class=\"card-item\"><div class=\"inner\"><div class=\"icon__content\"><p class=\"is-title has-medium-font-size\">Seksuaaltervise \u00f5e vastuv\u00f5tt<\/p><p>Seksuaaltervise \u00f5e vastuv\u00f5tt pakub konfidentsiaalset ja professionaalset tuge k\u00f5igile, kes kogevad intiimse tervise v\u00f5i seksuaaleluga seotud muresid, n\u00e4iteks operatsioonij\u00e4rgsed muutused, valud, ebamugavustunne v\u00f5i muud probleemid. Vastuv\u00f5tul saab n\u00f5u, juhendamist ja vajadusel suunamist edasiste uuringute v\u00f5i ravi jaoks turvalises ja hinnanguvabas keskkonnas.<\/p>\n<\/div><\/div><\/div><\/div><\/div>","protected":false},"excerpt":{"rendered":"","protected":false},"author":1,"featured_media":0,"parent":0,"menu_order":40,"comment_status":"closed","ping_status":"closed","template":"","meta":{"_acf_changed":false,"footnotes":""},"class_list":["post-1198","page","type-page","status-publish","hentry"],"acf":[],"_links":{"self":[{"href":"https:\/\/uroloogiakeskus.ee\/ru\/wp-json\/wp\/v2\/pages\/1198","targetHints":{"allow":["GET"]}}],"collection":[{"href":"https:\/\/uroloogiakeskus.ee\/ru\/wp-json\/wp\/v2\/pages"}],"about":[{"href":"https:\/\/uroloogiakeskus.ee\/ru\/wp-json\/wp\/v2\/types\/page"}],"author":[{"embeddable":true,"href":"https:\/\/uroloogiakeskus.ee\/ru\/wp-json\/wp\/v2\/users\/1"}],"replies":[{"embeddable":true,"href":"https:\/\/uroloogiakeskus.ee\/ru\/wp-json\/wp\/v2\/comments?post=1198"}],"version-history":[{"count":5,"href":"https:\/\/uroloogiakeskus.ee\/ru\/wp-json\/wp\/v2\/pages\/1198\/revisions"}],"predecessor-version":[{"id":1206,"href":"https:\/\/uroloogiakeskus.ee\/ru\/wp-json\/wp\/v2\/pages\/1198\/revisions\/1206"}],"wp:attachment":[{"href":"https:\/\/uroloogiakeskus.ee\/ru\/wp-json\/wp\/v2\/media?parent=1198"}],"curies":[{"name":"wp","href":"https:\/\/api.w.org\/{rel}","templated":true}]}}