{"id":1191,"date":"2026-04-15T08:24:32","date_gmt":"2026-04-15T08:24:32","guid":{"rendered":"https:\/\/uroloogiakeskus.ee\/seksuoloogi-vastuvott\/"},"modified":"2026-04-19T16:12:25","modified_gmt":"2026-04-19T16:12:25","slug":"seksuoloogi-vastuvott","status":"publish","type":"page","link":"https:\/\/uroloogiakeskus.ee\/ru\/seksuoloogi-vastuvott\/","title":{"rendered":"\u041f\u0440\u0438\u0451\u043c \u0441\u0435\u043a\u0441\u043e\u043b\u043e\u0433\u0430"},"content":{"rendered":"\n<div class=\"wp-block-columns is-layout-flex wp-container-core-columns-is-layout-28f84493 wp-block-columns-is-layout-flex\">\n<div class=\"wp-block-column is-layout-flow wp-block-column-is-layout-flow\">\n<h2 class=\"wp-block-heading wp-el\">\u0427\u0435\u043c \u043f\u043e\u043c\u043e\u0433\u0430\u0435\u0442 \u0441\u0435\u043a\u0441\u043e\u043b\u043e\u0433<\/h2>\n\n\n\n<ul class=\"wp-block-list wp-el\">\n<li>\u044d\u0440\u0435\u043a\u0442\u0438\u043b\u044c\u043d\u0430\u044f \u0434\u0438\u0441\u0444\u0443\u043d\u043a\u0446\u0438\u044f<\/li>\n<\/ul>\n\n\n\n<ul class=\"wp-block-list wp-el\">\n<li>\u0441\u043d\u0438\u0436\u0435\u043d\u0438\u0435 \u0438\u043b\u0438 \u0438\u0437\u043c\u0435\u043d\u0435\u043d\u0438\u044f \u043b\u0438\u0431\u0438\u0434\u043e<\/li>\n<\/ul>\n\n\n\n<ul class=\"wp-block-list wp-el\">\n<li>\u043f\u0440\u0435\u0436\u0434\u0435\u0432\u0440\u0435\u043c\u0435\u043d\u043d\u0430\u044f \u044d\u044f\u043a\u0443\u043b\u044f\u0446\u0438\u044f<\/li>\n<\/ul>\n\n\n\n<ul class=\"wp-block-list wp-el\">\n<li>\u0431\u043e\u043b\u044c \u0438\u043b\u0438 \u0434\u0438\u0441\u043a\u043e\u043c\u0444\u043e\u0440\u0442 \u0432 \u0438\u043d\u0442\u0438\u043c\u043d\u043e\u0439 \u0436\u0438\u0437\u043d\u0438<\/li>\n<\/ul>\n\n\n\n<ul class=\"wp-block-list wp-el\">\n<li>\u0442\u0440\u0443\u0434\u043d\u043e\u0441\u0442\u0438 \u0441 \u0438\u043d\u0442\u0438\u043c\u043d\u043e\u0439 \u0431\u043b\u0438\u0437\u043e\u0441\u0442\u044c\u044e \u0438\u043b\u0438 \u0432\u043e\u0437\u0431\u0443\u0436\u0434\u0435\u043d\u0438\u0435\u043c<\/li>\n<\/ul>\n\n\n\n<ul class=\"wp-block-list wp-el\">\n<li>\u043f\u0441\u0438\u0445\u043e\u043b\u043e\u0433\u0438\u0447\u0435\u0441\u043a\u0438\u0435 \u043f\u0440\u043e\u0431\u043b\u0435\u043c\u044b, \u0441\u0432\u044f\u0437\u0430\u043d\u043d\u044b\u0435 \u0441 \u0441\u0435\u043a\u0441\u0443\u0430\u043b\u044c\u043d\u044b\u043c \u0437\u0434\u043e\u0440\u043e\u0432\u044c\u0435\u043c<\/li>\n<\/ul>\n<\/div>\n\n\n\n<div class=\"wp-block-column is-layout-flow wp-block-column-is-layout-flow\">\n<h2 class=\"wp-block-heading wp-el\">\u0427\u0442\u043e \u043f\u0440\u043e\u0438\u0441\u0445\u043e\u0434\u0438\u0442 \u043d\u0430 \u043f\u0440\u0438\u0451\u043c\u0435<\/h2>\n\n\n\n<ul class=\"wp-block-list wp-el\">\n<li>\u041f\u043e\u0434\u0440\u043e\u0431\u043d\u0430\u044f \u043e\u0446\u0435\u043d\u043a\u0430 \u0436\u0430\u043b\u043e\u0431 \u0438 \u0441\u043e\u0441\u0442\u043e\u044f\u043d\u0438\u044f<\/li>\n<\/ul>\n\n\n\n<ul class=\"wp-block-list wp-el\">\n<li>\u0410\u043d\u0430\u043b\u0438\u0437 \u0441\u0435\u043a\u0441\u0443\u0430\u043b\u044c\u043d\u043e\u0433\u043e \u0437\u0434\u043e\u0440\u043e\u0432\u044c\u044f \u0438 \u043e\u0431\u0440\u0430\u0437\u0430 \u0436\u0438\u0437\u043d\u0438<\/li>\n<\/ul>\n\n\n\n<ul class=\"wp-block-list wp-el\">\n<li>v\u00f5imalike p\u00f5hjuste selgitamine<\/li>\n<\/ul>\n\n\n\n<ul class=\"wp-block-list wp-el\">\n<li>praktilised soovitused ja n\u00f5ustamine<\/li>\n<\/ul>\n\n\n\n<p class=\"wp-el\"><\/p>\n<\/div>\n\n\n\n<div class=\"wp-block-column is-layout-flow wp-block-column-is-layout-flow\">\n<h2 class=\"wp-block-heading wp-el\">Miks tulla seksuoloogi vastuv\u00f5tule<\/h2>\n\n\n\n<ul class=\"wp-block-list wp-el\">\n<li>aitab m\u00f5ista probleemi p\u00f5hjuseid<\/li>\n<\/ul>\n\n\n\n<ul class=\"wp-block-list wp-el\">\n<li>toetab toimiva lahenduse leidmisel<\/li>\n<\/ul>\n\n\n\n<ul class=\"wp-block-list wp-el\">\n<li>terviklik l\u00e4henemine nii f\u00fc\u00fcsilistele kui ps\u00fchholoogilistele teguritele<\/li>\n<\/ul>\n\n\n\n<ul class=\"wp-block-list wp-el\">\n<li>individuaalne ja diskreetne k\u00e4sitlus<\/li>\n<\/ul>\n\n\n\n<ul class=\"wp-block-list wp-el\">\n<li>parandab elukvaliteeti ja enesetunnet<\/li>\n<\/ul>\n<\/div>\n<\/div>\n\n\n\n<div class=\"wp-block-buttons is-layout-flex wp-block-buttons-is-layout-flex\">\n<div class=\"wp-block-button\"><a class=\"wp-block-button__link wp-element-button\" href=\"https:\/\/uroloogiakeskus.ee\/ru\/zapisatsya\/\">Broneeri aeg<\/a><\/div>\n<\/div>\n","protected":false},"excerpt":{"rendered":"<p>\u0427\u0435\u043c \u043f\u043e\u043c\u043e\u0433\u0430\u0435\u0442 \u0441\u0435\u043a\u0441\u043e\u043b\u043e\u0433 \u0427\u0442\u043e \u043f\u0440\u043e\u0438\u0441\u0445\u043e\u0434\u0438\u0442 \u043d\u0430 \u043f\u0440\u0438\u0451\u043c\u0435 Miks tulla seksuoloogi vastuv\u00f5tule<\/p>\n","protected":false},"author":1,"featured_media":0,"parent":0,"menu_order":0,"comment_status":"closed","ping_status":"closed","template":"","meta":{"_acf_changed":false,"footnotes":""},"class_list":["post-1191","page","type-page","status-publish","hentry"],"acf":[],"_links":{"self":[{"href":"https:\/\/uroloogiakeskus.ee\/ru\/wp-json\/wp\/v2\/pages\/1191","targetHints":{"allow":["GET"]}}],"collection":[{"href":"https:\/\/uroloogiakeskus.ee\/ru\/wp-json\/wp\/v2\/pages"}],"about":[{"href":"https:\/\/uroloogiakeskus.ee\/ru\/wp-json\/wp\/v2\/types\/page"}],"author":[{"embeddable":true,"href":"https:\/\/uroloogiakeskus.ee\/ru\/wp-json\/wp\/v2\/users\/1"}],"replies":[{"embeddable":true,"href":"https:\/\/uroloogiakeskus.ee\/ru\/wp-json\/wp\/v2\/comments?post=1191"}],"version-history":[{"count":4,"href":"https:\/\/uroloogiakeskus.ee\/ru\/wp-json\/wp\/v2\/pages\/1191\/revisions"}],"predecessor-version":[{"id":1197,"href":"https:\/\/uroloogiakeskus.ee\/ru\/wp-json\/wp\/v2\/pages\/1191\/revisions\/1197"}],"wp:attachment":[{"href":"https:\/\/uroloogiakeskus.ee\/ru\/wp-json\/wp\/v2\/media?parent=1191"}],"curies":[{"name":"wp","href":"https:\/\/api.w.org\/{rel}","templated":true}]}}